{"id":991,"date":"2023-01-09T16:50:20","date_gmt":"2023-01-09T15:50:20","guid":{"rendered":"https:\/\/antoniotonelli.info\/?page_id=991"},"modified":"2023-06-21T11:42:18","modified_gmt":"2023-06-21T09:42:18","slug":"ciao-marina","status":"publish","type":"page","link":"https:\/\/antoniotonelli.info\/index.php\/ciao-marina\/","title":{"rendered":"Ciao Marina!"},"content":{"rendered":"\n<p class=\"has-medium-font-size\">In ricordo di Marina Speranza, un pilastro dell&#8217;UCAI<\/p>\n\n\n\n<p>E&#8217; recentemente venuta a mancare un pilastro dell&#8217;<a rel=\"noreferrer noopener\" href=\"http:\/\/www.ucaimilano.org\/\" target=\"_blank\"><strong>Ucai<\/strong><\/a>, Marina Speranza, segretaria e anima dell\u2019<strong>Unione Cattolica Artisti Italiani<\/strong> di Milano. L\u2019associazione voluta da Monsignor Giovanni Battista Montini, futuro papa Paolo VI, nasce a Roma nel 1945 accogliendo artisti ispirati ai valori cristiani ma anche tutti gli operatori del &#8220;bello&#8221; che ne condividessero le finalit\u00e0. Il suo intento era ed \u00e8 ancora oggi infatti quello di &#8220;curare i rapporti con quanti nel mondo delle arti, pur muovendosi da differenti posizioni culturali e religiose, perseguono la promozione umana della persona&#8221;.<\/p>\n\n\n\n<p>Milano, la prima citt\u00e0 ad associarsi nel 1946 all&#8217;iniziativa romana, tra le sue fila ha annoverato nel tempo artisti di fama che hanno dato un contributo considerevole alla storia della pittura lombarda del secondo dopoguerra. E a Milano ancora oggi l&#8217;Ucai continua la sua attivit\u00e0 rivolgendosi ai campi pi\u00f9 diversi dell&#8217;arte, non esclusivamente a quella sacra.<\/p>\n\n\n\n<p>All&#8217;interno dell&#8217;associazione, entusiasta artefice e organizzatrice di mostre, Marina ha svolto la sua fervida attivit\u00e0 di programmazione e di coordinamento fino ad oggi, instancabilmente e con risultati decisamente apprezzabili. L&#8217;evento pi\u00f9 importante da lei promosso negli ultimi anni possiamo senza alcun dubbio affermare sia stato <em>&#8220;Cinque artisti figurativi degli anni &#8217;80 a Milano&#8221;<\/em>, una collettiva che Marina fortemente sollecit\u00f2 e allest\u00ec con la collaborazione di Antonio Tonelli nel novembre 2013 nello spazio espositivo della &#8220;Associazione artisti quartiere Garibaldi&#8221; a Milano. La scelta degli artisti fu estremamente difficoltosa perch\u00e9 la rosa degli autori pi\u00f9 rappresentativi della pittura degli anni &#8217;80 e &#8217;90 del Novecento \u00e8 molto ampia, purtroppo per le dimensioni della galleria si pot\u00e9 dare spazio solo a cinque artisti, lo scultore Giovanni Blandino e i pittori Vito Melotto, Massimo Piazza, Antonio Tonelli e Alberto Venditti. Fu un evento rilevante soprattutto per i contenuti proposti, un omaggio all&#8217;arte e alla pittura figurativa dei decenni &#8217;80 &#8211; &#8217;90, una pittura alquanto ignorata e disattesa dalla critica ufficiale ma che Marina apprezzava molto perch\u00e9 sentiva questa forma di espressione creativa molto vicina alla sua sensibilit\u00e0.<\/p>\n\n\n\n<p>Capace e determinata, Marina nell&#8217;ambito dell&#8217;Ucai ha legato il suo nome a molte e originali iniziative culturali-artistiche, conferenze, convegni, incontri, mostre, avvenimenti tutti di grande spessore preparati con attenzione e professionalit\u00e0. Preziosa \u00e8 stata per la nostra storica associazione la sua opera costante e appassionata iniziata nel lontano 1982 come socia, poi come P.R., dal 1993 infine come segretaria della stessa associazione e spesso come membro di commissioni.<\/p>\n\n\n\n<p>Gli anni dal 2002 al 2007 sono stati per l&#8217;Ucai un periodo di grande slancio e creativit\u00e0. Non possiamo non ricordare le innumerevoli manifestazioni culturali organizzate dal Consiglio Direttivo i cui componenti erano allora Mons. Luigi Crivelli, Franco De Faveri, Antonio Tonelli e la stessa Marina Speranza. Alla dedizione e all&#8217;opera di Marina si aggiunge l&#8217;enorme capacit\u00e0 del compianto professor Franco De Faveri e in quel periodo l&#8217;associazione registra un&#8217;intensa attivit\u00e0 alla quale con competenza e passione, doti che da sempre l&#8217;hanno contraddistinta, Marina offre un enorme contributo. Si realizzano cos\u00ec mostre di rilievo ospitate tra l&#8217;altro in una cornice prestigiosa, la ex Sagrestia del Bramante in San Satiro aperta per accogliere opere a soggetto religioso degli artisti dell&#8217;Ucai. Fra le numerosissime esposizioni di pittura e scultura ricordiamo <em>&#8220;Immagini di una citt\u00e0&#8221; e &#8220;Pasqua Resurrezione di Pace&#8221;<\/em> del 2003, <em>&#8220;Dalla Resurrezione alla Ascensione&#8221;<\/em> e <em>&#8220;L&#8217;acqua nella Bibbia&#8221;<\/em> del 2004, <em>&#8220;Nell&#8217;ora di Barabba&#8221;<\/em> del 2005, <em>&#8220;Il fuoco nella Bibbia&#8221;<\/em> del 2006 e <em>&#8220;Hai tu un volto, Infinito?&#8221;<\/em> del 2007, eventi di grande risonanza.<\/p>\n\n\n\n<p>Particolarmente impegnativi ma ricchi di soddisfazione furono gli anni 2005 e 2006, che videro una collaborazione interessante e produttiva tra l&#8217;Ucai e la <a href=\"https:\/\/famigliaartisticamilanese.wordpress.com\/\" target=\"_blank\" rel=\"noreferrer noopener\"><strong>Famiglia Artistica Milanese<\/strong><\/a>. Fondamentali anche in questa occasione la competenza e l\u2019entusiasmo di Marina nella realizzazione delle mostre antologiche dedicate a sei fra gli artisti pi\u00f9 interessanti e significativi del nostro tempo presentati dal prof. Franco De Faveri: Giansisto Gasparini, Luigi Timoncini, Enzo Vicentini, Ernesto Tavernari, Mario Bardi, Giuseppe Martinelli.<\/p>\n\n\n\n<p>Nel 2006 cadeva anche l&#8217;anniversario del sessantesimo anno della fondazione della sezione milanese dell&#8217;Ucai che festeggiammo con <em>&#8220;60 anni di arte a Milano&#8221;<\/em>, un evento di grande respiro, una collettiva di arte contemporanea, dal figurativo all&#8217;astratto e al sacro. In mostra le opere di 52 pittori e 12 scultori di fama nazionale e internazionale. Allestita nello Spazio Guicciardini, l&#8217;esposizione \u00e8 stata una testimonianza della storia e dell&#8217;evoluzione della vita artistica milanese e nazionale nei decenni che vanno dal dopoguerra ad oggi. Grande merito va riconosciuto a Marina per il suo contributo indispensabile alla riuscita della mostra ideata e curata dal comitato artistico e per il non facile lavoro di editing del bellissimo catalogo, un pregevole volume legato alla mostra da lei curato.<\/p>\n\n\n\n<p>La perdita di Marina Speranza lascia un grande vuoto in tutti noi che l\u2019abbiamo conosciuta e abbiamo collaborato con lei in tante occasioni e nelle pi\u00f9 diverse circostanze. Perfetta organizzatrice, propositiva e ricca di idee e di risorse Marina \u00e8 stata un punto di riferimento per noi soci dell\u2019Ucai ma anche una cara amica, una donna di grande umanit\u00e0 e sensibilit\u00e0. Marina \u2013 ricorda la signora Pina Danesi, sposa di Antonio Tonelli &#8211; \u00e8 stata una meravigliosa compagna della nostra vita, un&#8217;amica vera che ci ha donato tanti momenti di serenit\u00e0 e di gioia. Non si poteva non volerle bene. Nessuno di noi potr\u00e0 mai dimenticare il suo sorriso, la sua vitalit\u00e0 e la sua dolcezza. Continueremo a sentirla vicina e il ricordo della sua bella persona rimarr\u00e0 per sempre indelebile nei nostri cuori&#8221;.<\/p>\n\n\n\n<p><em>Teresa Garofalo, Antonio Tonelli, luglio 2017<\/em><\/p>\n","protected":false},"excerpt":{"rendered":"<p>In ricordo di Marina Speranza, un pilastro dell&#8217;UCAI E&#8217; recentemente venuta a mancare un pilastro dell&#8217;Ucai, Marina Speranza, segretaria e anima dell\u2019Unione Cattolica Artisti Italiani di Milano. L\u2019associazione voluta da Monsignor Giovanni Battista Montini, futuro papa Paolo VI, nasce a Roma nel 1945 accogliendo artisti ispirati ai valori cristiani ma anche tutti gli operatori del [&hellip;]<\/p>\n","protected":false},"author":1,"featured_media":0,"parent":0,"menu_order":0,"comment_status":"closed","ping_status":"closed","template":"","meta":{"_lmt_disableupdate":"","_lmt_disable":"","ocean_post_layout":"","ocean_both_sidebars_style":"","ocean_both_sidebars_content_width":0,"ocean_both_sidebars_sidebars_width":0,"ocean_sidebar":"0","ocean_second_sidebar":"0","ocean_disable_margins":"enable","ocean_add_body_class":"","ocean_shortcode_before_top_bar":"","ocean_shortcode_after_top_bar":"","ocean_shortcode_before_header":"","ocean_shortcode_after_header":"","ocean_has_shortcode":"","ocean_shortcode_after_title":"","ocean_shortcode_before_footer_widgets":"","ocean_shortcode_after_footer_widgets":"","ocean_shortcode_before_footer_bottom":"","ocean_shortcode_after_footer_bottom":"","ocean_display_top_bar":"default","ocean_display_header":"default","ocean_header_style":"","ocean_center_header_left_menu":"0","ocean_custom_header_template":"0","ocean_custom_logo":0,"ocean_custom_retina_logo":0,"ocean_custom_logo_max_width":0,"ocean_custom_logo_tablet_max_width":0,"ocean_custom_logo_mobile_max_width":0,"ocean_custom_logo_max_height":0,"ocean_custom_logo_tablet_max_height":0,"ocean_custom_logo_mobile_max_height":0,"ocean_header_custom_menu":"0","ocean_menu_typo_font_family":"0","ocean_menu_typo_font_subset":"","ocean_menu_typo_font_size":0,"ocean_menu_typo_font_size_tablet":0,"ocean_menu_typo_font_size_mobile":0,"ocean_menu_typo_font_size_unit":"px","ocean_menu_typo_font_weight":"","ocean_menu_typo_font_weight_tablet":"","ocean_menu_typo_font_weight_mobile":"","ocean_menu_typo_transform":"","ocean_menu_typo_transform_tablet":"","ocean_menu_typo_transform_mobile":"","ocean_menu_typo_line_height":0,"ocean_menu_typo_line_height_tablet":0,"ocean_menu_typo_line_height_mobile":0,"ocean_menu_typo_line_height_unit":"","ocean_menu_typo_spacing":0,"ocean_menu_typo_spacing_tablet":0,"ocean_menu_typo_spacing_mobile":0,"ocean_menu_typo_spacing_unit":"","ocean_menu_link_color":"","ocean_menu_link_color_hover":"","ocean_menu_link_color_active":"","ocean_menu_link_background":"","ocean_menu_link_hover_background":"","ocean_menu_link_active_background":"","ocean_menu_social_links_bg":"","ocean_menu_social_hover_links_bg":"","ocean_menu_social_links_color":"","ocean_menu_social_hover_links_color":"","ocean_disable_title":"default","ocean_disable_heading":"default","ocean_post_title":"","ocean_post_subheading":"","ocean_post_title_style":"","ocean_post_title_background_color":"","ocean_post_title_background":0,"ocean_post_title_bg_image_position":"","ocean_post_title_bg_image_attachment":"","ocean_post_title_bg_image_repeat":"","ocean_post_title_bg_image_size":"","ocean_post_title_height":0,"ocean_post_title_bg_overlay":0.5,"ocean_post_title_bg_overlay_color":"","ocean_disable_breadcrumbs":"default","ocean_breadcrumbs_color":"","ocean_breadcrumbs_separator_color":"","ocean_breadcrumbs_links_color":"","ocean_breadcrumbs_links_hover_color":"","ocean_display_footer_widgets":"default","ocean_display_footer_bottom":"default","ocean_custom_footer_template":"0","footnotes":""},"class_list":["post-991","page","type-page","status-publish","hentry","entry"],"_links":{"self":[{"href":"https:\/\/antoniotonelli.info\/index.php\/wp-json\/wp\/v2\/pages\/991","targetHints":{"allow":["GET"]}}],"collection":[{"href":"https:\/\/antoniotonelli.info\/index.php\/wp-json\/wp\/v2\/pages"}],"about":[{"href":"https:\/\/antoniotonelli.info\/index.php\/wp-json\/wp\/v2\/types\/page"}],"author":[{"embeddable":true,"href":"https:\/\/antoniotonelli.info\/index.php\/wp-json\/wp\/v2\/users\/1"}],"replies":[{"embeddable":true,"href":"https:\/\/antoniotonelli.info\/index.php\/wp-json\/wp\/v2\/comments?post=991"}],"version-history":[{"count":13,"href":"https:\/\/antoniotonelli.info\/index.php\/wp-json\/wp\/v2\/pages\/991\/revisions"}],"predecessor-version":[{"id":1064,"href":"https:\/\/antoniotonelli.info\/index.php\/wp-json\/wp\/v2\/pages\/991\/revisions\/1064"}],"wp:attachment":[{"href":"https:\/\/antoniotonelli.info\/index.php\/wp-json\/wp\/v2\/media?parent=991"}],"curies":[{"name":"wp","href":"https:\/\/api.w.org\/{rel}","templated":true}]}}