{"id":1054,"date":"2023-06-21T08:28:43","date_gmt":"2023-06-21T06:28:43","guid":{"rendered":"https:\/\/antoniotonelli.info\/?page_id=1054"},"modified":"2023-06-21T08:33:27","modified_gmt":"2023-06-21T06:33:27","slug":"antonio-tonelli-2","status":"publish","type":"page","link":"https:\/\/antoniotonelli.info\/index.php\/antonio-tonelli-2\/","title":{"rendered":"Antonio Tonelli"},"content":{"rendered":"\n<p class=\"has-medium-font-size\">Presentazione della mostra personale alla Biblioteca Civica di Saronno<\/p>\n\n\n\n<p>[\u2026] I suoi disegni dimostrano, nell\u2019oggettivit\u00e0 dell\u2019enunciazione, la padronanza dei termini plastici di cui \u00e8 strutturata l\u2019immagine. I suoi interni e i suoi esterni, le sue strade, i suoi ambienti, dove, dentro una sorta di stupefatta immobilit\u00e0, appaiono i suoi personaggi, rivelano la capacit\u00e0 di far servire al significato generale del tema anche il dettaglio marginale. \u00c8 per questo che il suo segno grafico \u00e8 sempre nitido, preciso e definito. Su questa linea egli \u00e8 destinato ad andare avanti con un progressivo vantaggio. Ma, gi\u00e0 oggi, i risultati ci sono. L\u2019iniziativa della Biblioteca di Saronno, inserendo questa mostra di Tonelli nel quadro delle sue scelte artistiche, ha dato prova di pronta sensibilit\u00e0 culturale, a cui non potr\u00e0 venir meno il consenso degli amici che ne seguono con interesse la positiva attivit\u00e0.<\/p>\n\n\n\n<p><em>Mario De Micheli \u2013 Saronno, 1974<\/em><\/p>\n","protected":false},"excerpt":{"rendered":"<p>Presentazione della mostra personale alla Biblioteca Civica di Saronno [\u2026] I suoi disegni dimostrano, nell\u2019oggettivit\u00e0 dell\u2019enunciazione, la padronanza dei termini plastici di cui \u00e8 strutturata l\u2019immagine. I suoi interni e i suoi esterni, le sue strade, i suoi ambienti, dove, dentro una sorta di stupefatta immobilit\u00e0, appaiono i suoi personaggi, rivelano la capacit\u00e0 di far [&hellip;]<\/p>\n","protected":false},"author":1,"featured_media":0,"parent":0,"menu_order":0,"comment_status":"closed","ping_status":"closed","template":"","meta":{"_lmt_disableupdate":"","_lmt_disable":"","ocean_post_layout":"","ocean_both_sidebars_style":"","ocean_both_sidebars_content_width":0,"ocean_both_sidebars_sidebars_width":0,"ocean_sidebar":"0","ocean_second_sidebar":"0","ocean_disable_margins":"enable","ocean_add_body_class":"","ocean_shortcode_before_top_bar":"","ocean_shortcode_after_top_bar":"","ocean_shortcode_before_header":"","ocean_shortcode_after_header":"","ocean_has_shortcode":"","ocean_shortcode_after_title":"","ocean_shortcode_before_footer_widgets":"","ocean_shortcode_after_footer_widgets":"","ocean_shortcode_before_footer_bottom":"","ocean_shortcode_after_footer_bottom":"","ocean_display_top_bar":"default","ocean_display_header":"default","ocean_header_style":"","ocean_center_header_left_menu":"0","ocean_custom_header_template":"0","ocean_custom_logo":0,"ocean_custom_retina_logo":0,"ocean_custom_logo_max_width":0,"ocean_custom_logo_tablet_max_width":0,"ocean_custom_logo_mobile_max_width":0,"ocean_custom_logo_max_height":0,"ocean_custom_logo_tablet_max_height":0,"ocean_custom_logo_mobile_max_height":0,"ocean_header_custom_menu":"0","ocean_menu_typo_font_family":"0","ocean_menu_typo_font_subset":"","ocean_menu_typo_font_size":0,"ocean_menu_typo_font_size_tablet":0,"ocean_menu_typo_font_size_mobile":0,"ocean_menu_typo_font_size_unit":"px","ocean_menu_typo_font_weight":"","ocean_menu_typo_font_weight_tablet":"","ocean_menu_typo_font_weight_mobile":"","ocean_menu_typo_transform":"","ocean_menu_typo_transform_tablet":"","ocean_menu_typo_transform_mobile":"","ocean_menu_typo_line_height":0,"ocean_menu_typo_line_height_tablet":0,"ocean_menu_typo_line_height_mobile":0,"ocean_menu_typo_line_height_unit":"","ocean_menu_typo_spacing":0,"ocean_menu_typo_spacing_tablet":0,"ocean_menu_typo_spacing_mobile":0,"ocean_menu_typo_spacing_unit":"","ocean_menu_link_color":"","ocean_menu_link_color_hover":"","ocean_menu_link_color_active":"","ocean_menu_link_background":"","ocean_menu_link_hover_background":"","ocean_menu_link_active_background":"","ocean_menu_social_links_bg":"","ocean_menu_social_hover_links_bg":"","ocean_menu_social_links_color":"","ocean_menu_social_hover_links_color":"","ocean_disable_title":"default","ocean_disable_heading":"default","ocean_post_title":"","ocean_post_subheading":"","ocean_post_title_style":"","ocean_post_title_background_color":"","ocean_post_title_background":0,"ocean_post_title_bg_image_position":"","ocean_post_title_bg_image_attachment":"","ocean_post_title_bg_image_repeat":"","ocean_post_title_bg_image_size":"","ocean_post_title_height":0,"ocean_post_title_bg_overlay":0.5,"ocean_post_title_bg_overlay_color":"","ocean_disable_breadcrumbs":"default","ocean_breadcrumbs_color":"","ocean_breadcrumbs_separator_color":"","ocean_breadcrumbs_links_color":"","ocean_breadcrumbs_links_hover_color":"","ocean_display_footer_widgets":"default","ocean_display_footer_bottom":"default","ocean_custom_footer_template":"0","footnotes":""},"class_list":["post-1054","page","type-page","status-publish","hentry","entry"],"_links":{"self":[{"href":"https:\/\/antoniotonelli.info\/index.php\/wp-json\/wp\/v2\/pages\/1054","targetHints":{"allow":["GET"]}}],"collection":[{"href":"https:\/\/antoniotonelli.info\/index.php\/wp-json\/wp\/v2\/pages"}],"about":[{"href":"https:\/\/antoniotonelli.info\/index.php\/wp-json\/wp\/v2\/types\/page"}],"author":[{"embeddable":true,"href":"https:\/\/antoniotonelli.info\/index.php\/wp-json\/wp\/v2\/users\/1"}],"replies":[{"embeddable":true,"href":"https:\/\/antoniotonelli.info\/index.php\/wp-json\/wp\/v2\/comments?post=1054"}],"version-history":[{"count":2,"href":"https:\/\/antoniotonelli.info\/index.php\/wp-json\/wp\/v2\/pages\/1054\/revisions"}],"predecessor-version":[{"id":1056,"href":"https:\/\/antoniotonelli.info\/index.php\/wp-json\/wp\/v2\/pages\/1054\/revisions\/1056"}],"wp:attachment":[{"href":"https:\/\/antoniotonelli.info\/index.php\/wp-json\/wp\/v2\/media?parent=1054"}],"curies":[{"name":"wp","href":"https:\/\/api.w.org\/{rel}","templated":true}]}}