{"id":1051,"date":"2023-06-21T07:43:21","date_gmt":"2023-06-21T05:43:21","guid":{"rendered":"https:\/\/antoniotonelli.info\/?page_id=1051"},"modified":"2023-06-21T07:44:16","modified_gmt":"2023-06-21T05:44:16","slug":"i-personaggi-elementari-di-antonio-tonelli","status":"publish","type":"page","link":"https:\/\/antoniotonelli.info\/index.php\/i-personaggi-elementari-di-antonio-tonelli\/","title":{"rendered":"I personaggi \u201celementari\u201d di Antonio Tonelli"},"content":{"rendered":"\n<p class=\"has-medium-font-size\">Presentazione della mostra personale alla Galleria Ciovasso<\/p>\n\n\n\n<p>[\u2026] il difficile mondo dell\u2019esistenza proletaria: Tonelli ce ne offre un\u2019immagine non retorica. I suoi personaggi posseggono una loro elementare semplicit\u00e0, un loro senso umile ma al tempo stesso largo e forte, scandito essenzialmente dai gesti quotidiani della vita: i gesti del riposo, del pasto a mezzogiorno, del bicchiere bevuto tra gli amici, della piet\u00e0 per il compagno ferito. C\u2019\u00e8, nell\u2019atteggiamento di Tonelli, una naturale adesione al suo tema, una spontanea partecipazione. E questo \u00e8 ci\u00f2 che infonde valore e verit\u00e0 al suo racconto figurativo. L\u2019operaio che mangia nell\u2019intervallo del lavoro, l\u2019emigrante meridionale che dorme sulla panchina della stazione con accanto la valigia di fibra legata con lo spago, la finestra della casa popolare di periferia, le nature morte povere d\u2019oggetti che ribadiscono la dura condizione di chi vive tra ininterrotte difficolt\u00e0: ecco i soggetti su cui egli ritorna volentieri. E vi ritorna quasi con pudore, senza forzare mai la mano, senza calcare mai il proprio segno.<\/p>\n\n\n\n<p>Lo stesso colore rifugge da violenze cromatiche, da accensioni espressionistiche. \u00c8 un colore magro, che usufruisce di pochi toni, essendo tuttavia dotato di una sua primitiva freschezza.<\/p>\n\n\n\n<p>Per questa sua costituzione elementare, per l\u2019assenza di un descrittivismo superfluo, per il candore di cui sono espressione, queste immagini, questi personaggi non sarebbero certo spiaciuti a L\u00e9ger. Sono, infatti, immagini e personaggi, che proprio in questi loro caratteri, racchiudono un sommesso e schietto potere di persuasione. In tal modo il discorso di Tonelli acquista una propria fisionomia e guadagna il nostro consenso.<\/p>\n\n\n\n<p><em>Mario De Micheli &#8211; Milano, febbraio 1977<\/em><\/p>\n","protected":false},"excerpt":{"rendered":"<p>Presentazione della mostra personale alla Galleria Ciovasso [\u2026] il difficile mondo dell\u2019esistenza proletaria: Tonelli ce ne offre un\u2019immagine non retorica. I suoi personaggi posseggono una loro elementare semplicit\u00e0, un loro senso umile ma al tempo stesso largo e forte, scandito essenzialmente dai gesti quotidiani della vita: i gesti del riposo, del pasto a mezzogiorno, del [&hellip;]<\/p>\n","protected":false},"author":1,"featured_media":0,"parent":0,"menu_order":0,"comment_status":"closed","ping_status":"closed","template":"","meta":{"_lmt_disableupdate":"","_lmt_disable":"","ocean_post_layout":"","ocean_both_sidebars_style":"","ocean_both_sidebars_content_width":0,"ocean_both_sidebars_sidebars_width":0,"ocean_sidebar":"0","ocean_second_sidebar":"0","ocean_disable_margins":"enable","ocean_add_body_class":"","ocean_shortcode_before_top_bar":"","ocean_shortcode_after_top_bar":"","ocean_shortcode_before_header":"","ocean_shortcode_after_header":"","ocean_has_shortcode":"","ocean_shortcode_after_title":"","ocean_shortcode_before_footer_widgets":"","ocean_shortcode_after_footer_widgets":"","ocean_shortcode_before_footer_bottom":"","ocean_shortcode_after_footer_bottom":"","ocean_display_top_bar":"default","ocean_display_header":"default","ocean_header_style":"","ocean_center_header_left_menu":"0","ocean_custom_header_template":"0","ocean_custom_logo":0,"ocean_custom_retina_logo":0,"ocean_custom_logo_max_width":0,"ocean_custom_logo_tablet_max_width":0,"ocean_custom_logo_mobile_max_width":0,"ocean_custom_logo_max_height":0,"ocean_custom_logo_tablet_max_height":0,"ocean_custom_logo_mobile_max_height":0,"ocean_header_custom_menu":"0","ocean_menu_typo_font_family":"0","ocean_menu_typo_font_subset":"","ocean_menu_typo_font_size":0,"ocean_menu_typo_font_size_tablet":0,"ocean_menu_typo_font_size_mobile":0,"ocean_menu_typo_font_size_unit":"px","ocean_menu_typo_font_weight":"","ocean_menu_typo_font_weight_tablet":"","ocean_menu_typo_font_weight_mobile":"","ocean_menu_typo_transform":"","ocean_menu_typo_transform_tablet":"","ocean_menu_typo_transform_mobile":"","ocean_menu_typo_line_height":0,"ocean_menu_typo_line_height_tablet":0,"ocean_menu_typo_line_height_mobile":0,"ocean_menu_typo_line_height_unit":"","ocean_menu_typo_spacing":0,"ocean_menu_typo_spacing_tablet":0,"ocean_menu_typo_spacing_mobile":0,"ocean_menu_typo_spacing_unit":"","ocean_menu_link_color":"","ocean_menu_link_color_hover":"","ocean_menu_link_color_active":"","ocean_menu_link_background":"","ocean_menu_link_hover_background":"","ocean_menu_link_active_background":"","ocean_menu_social_links_bg":"","ocean_menu_social_hover_links_bg":"","ocean_menu_social_links_color":"","ocean_menu_social_hover_links_color":"","ocean_disable_title":"default","ocean_disable_heading":"default","ocean_post_title":"","ocean_post_subheading":"","ocean_post_title_style":"","ocean_post_title_background_color":"","ocean_post_title_background":0,"ocean_post_title_bg_image_position":"","ocean_post_title_bg_image_attachment":"","ocean_post_title_bg_image_repeat":"","ocean_post_title_bg_image_size":"","ocean_post_title_height":0,"ocean_post_title_bg_overlay":0.5,"ocean_post_title_bg_overlay_color":"","ocean_disable_breadcrumbs":"default","ocean_breadcrumbs_color":"","ocean_breadcrumbs_separator_color":"","ocean_breadcrumbs_links_color":"","ocean_breadcrumbs_links_hover_color":"","ocean_display_footer_widgets":"default","ocean_display_footer_bottom":"default","ocean_custom_footer_template":"0","footnotes":""},"class_list":["post-1051","page","type-page","status-publish","hentry","entry"],"_links":{"self":[{"href":"https:\/\/antoniotonelli.info\/index.php\/wp-json\/wp\/v2\/pages\/1051","targetHints":{"allow":["GET"]}}],"collection":[{"href":"https:\/\/antoniotonelli.info\/index.php\/wp-json\/wp\/v2\/pages"}],"about":[{"href":"https:\/\/antoniotonelli.info\/index.php\/wp-json\/wp\/v2\/types\/page"}],"author":[{"embeddable":true,"href":"https:\/\/antoniotonelli.info\/index.php\/wp-json\/wp\/v2\/users\/1"}],"replies":[{"embeddable":true,"href":"https:\/\/antoniotonelli.info\/index.php\/wp-json\/wp\/v2\/comments?post=1051"}],"version-history":[{"count":2,"href":"https:\/\/antoniotonelli.info\/index.php\/wp-json\/wp\/v2\/pages\/1051\/revisions"}],"predecessor-version":[{"id":1053,"href":"https:\/\/antoniotonelli.info\/index.php\/wp-json\/wp\/v2\/pages\/1051\/revisions\/1053"}],"wp:attachment":[{"href":"https:\/\/antoniotonelli.info\/index.php\/wp-json\/wp\/v2\/media?parent=1051"}],"curies":[{"name":"wp","href":"https:\/\/api.w.org\/{rel}","templated":true}]}}