{"id":1049,"date":"2023-06-21T07:16:38","date_gmt":"2023-06-21T05:16:38","guid":{"rendered":"https:\/\/antoniotonelli.info\/?page_id=1049"},"modified":"2023-06-21T07:16:38","modified_gmt":"2023-06-21T05:16:38","slug":"nature-morte-nella-metropoli","status":"publish","type":"page","link":"https:\/\/antoniotonelli.info\/index.php\/nature-morte-nella-metropoli\/","title":{"rendered":"Nature morte nella metropoli"},"content":{"rendered":"\n<p class=\"has-medium-font-size\">Presentazione della mostra personale alla Galleria Ciovasso<\/p>\n\n\n\n<p>Fedele alla linea espressiva e alle tematiche che ne hanno distinto l\u2019opera sobria e rigorosa fin dagli esordi, Tonelli continua a sviluppare la sua iconografia povera, che negli anni delle pi\u00f9 accese battaglie ideologiche aveva una chiara coloritura d\u2019impegno politico e che in ogni caso rivela una forte matrice \u201cpopartistica\u201d.<\/p>\n\n\n\n<p>L\u2019occhio attento alla realt\u00e0 minuta come condizione ambientale \u2013 situazioni, luoghi, oggetti tra i pi\u00f9 esistenzialmente modesti ci sia dato d\u2019incontrare \u2013 e portato irresistibilmente verso l\u2019aspetto della decadenza di tale realt\u00e0 \u2013 il relitto, il rifiuto, lo scarto, il giornale di ieri ormai stropicciato, il secchio ammaccato, l\u2019ombrello rotto, la spazzatura infine, ci\u00f2 che aveva un senso nell\u2019utilizzo quotidiano e subito dopo non l\u2019ha pi\u00f9 \u2013 non si pone tuttavia in attitudine critica nei riguardi del consumismo (si tratta anche di un consumismo dappoco, artigianale, non oppresso dal mare della plastica, ma appunto perci\u00f2 pi\u00f9 antico e crudele, travolgendo anche il frutto e il fiore), quando nel pi\u00f9 ampio respiro della riflessione sulla vita delle cose e sul loro assumere vita anche se staccate dalla propriet\u00e0 del decoro e della dignit\u00e0 della funzione.<\/p>\n\n\n\n<p>Tanto \u00e8 vero che questo trash \u2013 per rifarci al titolo del film che costituisce uno dei vertici del pop art \u2013 non tende a rappresentarsi secondo espedienti iperrealistici, ma tende al contrario verso la natura morta, quella secentesca, al limite del trompe-l\u2019oeil. La poesia della pittura di Tonelli sta nel contrasto fra la volgarit\u00e0 degli oggetti e dell\u2019ambiente, il ribrezzo che genera il loro farsi rifiuto e, dall\u2019altra parte, la delicatezza e la grazia di certe presenze coinvolte nel comune destino di corruzione e di morte: si guardi ai frammenti di rifiuti che si ammucchiano sui chiusini delle strade, lungo gli scoli dei marciapiedi, non per segnalarne con un brivido l\u2019aspetto ripugnante, ma per recuperarli come palpito, nel loro essere ancora, e in ogni modo, cose.<\/p>\n\n\n\n<p>Nelle ultime opere gli aspetti ripugnanti o squallidi tendono a sublimarsi in una sorta di decorazione simbolica: la carta spiegazzata assume la struttura di un fiore; la testa del gallo sgozzato ha la nobilt\u00e0 della testa di un San Giovanni posta in un vassoio. Tanto \u00e8 vero che sempre pi\u00f9 l\u2019artista tende a isolare le immagini entro forme circolari, secondo l\u2019antica consuetudine del tondo. In ambienti privi di presenze umane e animali, la pittura di Tonelli \u2013 analitica, ferma, con predilezione per i toni scuri ma non fredda n\u00e9 rigida e anzi aiutata da una tecnica sapiente a effetti come di vaporoso respiro \u2013 testimonia di una sorta di disincantato animismo. L\u2019inquietudine che ci procura \u00e8 in questo suo stare tra l\u2019assillo della decadenza e la certezza del pervicace esistere delle cose, del premere della loro presenza una volta che sono state.<\/p>\n\n\n\n<p><em>Rossana Bossaglia &#8211; Milano, gennaio 1987<\/em><\/p>\n","protected":false},"excerpt":{"rendered":"<p>Presentazione della mostra personale alla Galleria Ciovasso Fedele alla linea espressiva e alle tematiche che ne hanno distinto l\u2019opera sobria e rigorosa fin dagli esordi, Tonelli continua a sviluppare la sua iconografia povera, che negli anni delle pi\u00f9 accese battaglie ideologiche aveva una chiara coloritura d\u2019impegno politico e che in ogni caso rivela una forte [&hellip;]<\/p>\n","protected":false},"author":1,"featured_media":0,"parent":0,"menu_order":0,"comment_status":"closed","ping_status":"closed","template":"","meta":{"_lmt_disableupdate":"","_lmt_disable":"","ocean_post_layout":"","ocean_both_sidebars_style":"","ocean_both_sidebars_content_width":0,"ocean_both_sidebars_sidebars_width":0,"ocean_sidebar":"0","ocean_second_sidebar":"0","ocean_disable_margins":"enable","ocean_add_body_class":"","ocean_shortcode_before_top_bar":"","ocean_shortcode_after_top_bar":"","ocean_shortcode_before_header":"","ocean_shortcode_after_header":"","ocean_has_shortcode":"","ocean_shortcode_after_title":"","ocean_shortcode_before_footer_widgets":"","ocean_shortcode_after_footer_widgets":"","ocean_shortcode_before_footer_bottom":"","ocean_shortcode_after_footer_bottom":"","ocean_display_top_bar":"default","ocean_display_header":"default","ocean_header_style":"","ocean_center_header_left_menu":"0","ocean_custom_header_template":"0","ocean_custom_logo":0,"ocean_custom_retina_logo":0,"ocean_custom_logo_max_width":0,"ocean_custom_logo_tablet_max_width":0,"ocean_custom_logo_mobile_max_width":0,"ocean_custom_logo_max_height":0,"ocean_custom_logo_tablet_max_height":0,"ocean_custom_logo_mobile_max_height":0,"ocean_header_custom_menu":"0","ocean_menu_typo_font_family":"0","ocean_menu_typo_font_subset":"","ocean_menu_typo_font_size":0,"ocean_menu_typo_font_size_tablet":0,"ocean_menu_typo_font_size_mobile":0,"ocean_menu_typo_font_size_unit":"px","ocean_menu_typo_font_weight":"","ocean_menu_typo_font_weight_tablet":"","ocean_menu_typo_font_weight_mobile":"","ocean_menu_typo_transform":"","ocean_menu_typo_transform_tablet":"","ocean_menu_typo_transform_mobile":"","ocean_menu_typo_line_height":0,"ocean_menu_typo_line_height_tablet":0,"ocean_menu_typo_line_height_mobile":0,"ocean_menu_typo_line_height_unit":"","ocean_menu_typo_spacing":0,"ocean_menu_typo_spacing_tablet":0,"ocean_menu_typo_spacing_mobile":0,"ocean_menu_typo_spacing_unit":"","ocean_menu_link_color":"","ocean_menu_link_color_hover":"","ocean_menu_link_color_active":"","ocean_menu_link_background":"","ocean_menu_link_hover_background":"","ocean_menu_link_active_background":"","ocean_menu_social_links_bg":"","ocean_menu_social_hover_links_bg":"","ocean_menu_social_links_color":"","ocean_menu_social_hover_links_color":"","ocean_disable_title":"default","ocean_disable_heading":"default","ocean_post_title":"","ocean_post_subheading":"","ocean_post_title_style":"","ocean_post_title_background_color":"","ocean_post_title_background":0,"ocean_post_title_bg_image_position":"","ocean_post_title_bg_image_attachment":"","ocean_post_title_bg_image_repeat":"","ocean_post_title_bg_image_size":"","ocean_post_title_height":0,"ocean_post_title_bg_overlay":0.5,"ocean_post_title_bg_overlay_color":"","ocean_disable_breadcrumbs":"default","ocean_breadcrumbs_color":"","ocean_breadcrumbs_separator_color":"","ocean_breadcrumbs_links_color":"","ocean_breadcrumbs_links_hover_color":"","ocean_display_footer_widgets":"default","ocean_display_footer_bottom":"default","ocean_custom_footer_template":"0","footnotes":""},"class_list":["post-1049","page","type-page","status-publish","hentry","entry"],"_links":{"self":[{"href":"https:\/\/antoniotonelli.info\/index.php\/wp-json\/wp\/v2\/pages\/1049","targetHints":{"allow":["GET"]}}],"collection":[{"href":"https:\/\/antoniotonelli.info\/index.php\/wp-json\/wp\/v2\/pages"}],"about":[{"href":"https:\/\/antoniotonelli.info\/index.php\/wp-json\/wp\/v2\/types\/page"}],"author":[{"embeddable":true,"href":"https:\/\/antoniotonelli.info\/index.php\/wp-json\/wp\/v2\/users\/1"}],"replies":[{"embeddable":true,"href":"https:\/\/antoniotonelli.info\/index.php\/wp-json\/wp\/v2\/comments?post=1049"}],"version-history":[{"count":1,"href":"https:\/\/antoniotonelli.info\/index.php\/wp-json\/wp\/v2\/pages\/1049\/revisions"}],"predecessor-version":[{"id":1050,"href":"https:\/\/antoniotonelli.info\/index.php\/wp-json\/wp\/v2\/pages\/1049\/revisions\/1050"}],"wp:attachment":[{"href":"https:\/\/antoniotonelli.info\/index.php\/wp-json\/wp\/v2\/media?parent=1049"}],"curies":[{"name":"wp","href":"https:\/\/api.w.org\/{rel}","templated":true}]}}