{"id":1043,"date":"2023-06-20T19:34:34","date_gmt":"2023-06-20T17:34:34","guid":{"rendered":"https:\/\/antoniotonelli.info\/?page_id=1043"},"modified":"2023-06-20T19:34:34","modified_gmt":"2023-06-20T17:34:34","slug":"antonio-tonelli","status":"publish","type":"page","link":"https:\/\/antoniotonelli.info\/index.php\/antonio-tonelli\/","title":{"rendered":"Antonio Tonelli"},"content":{"rendered":"\n<p>Nelle prime esperienze Antonio Tonelli guarda alle periferie degradate, ai luoghi marginali della miseria culturale. Ma anche ai &#8220;giorni difficili&#8221; e agli &#8220;alberi della libert\u00e0&#8221;, dichiarando il proprio impegno civile e sociale.<\/p>\n\n\n\n<p>Ma poi apre uno sguardo sul mondo lasciandosi penetrare da esso: lo abita e lo incontra.<\/p>\n\n\n\n<p>Incontra in quel mondo, fantasticando, contro ogni usanza, il silenzio che egli sogna di sentire oltre il grido delle povere cose polverose ed umili che il suo sguardo indaga, silenzio che ne prepara l&#8217;atmosfera. E dopo il silenzio lo spazio, come una grande apertura di ascolto. E in quelli, la materia che si manipola e cresce facendola uscire dal suo torpore sotto le sue mani che fantasticano le cose.dalla mano alle cose si svolge tutto suo il pensiero che apre ai misteri della loro intimit\u00e0. Insomma racconta il vero oltre il vero squarciandone il velo e riscoprendone il senso pi\u00f9 nascosto. Ma racconta anche oggetti della memoria che prendono luogo dentro e fuori di s\u00e9 in una successione di situazioni ed eventi che conferiscono alle immagini una atmosfera di assorta contemplazione.<\/p>\n\n\n\n<p>Chimere poetiche che lievitano trasformando liricamente il ricordo.<\/p>\n\n\n\n<p>Nel suo farsi la pittura, nel fermento che conduce all&#8217;immagine, prende a formarsi per sovrapposizioni e trasparenze attraverso la sorpresa di forme e figure. Il racconto \u00e8 ora concluso e cos\u00ec &#8220;l&#8217;ombrello \u00e8 abbandonato&#8221; perch\u00e9 si apre &#8220;una finestra sul cielo&#8221;.<\/p>\n\n\n\n<p><em>Mario Borgese &#8211; dicembre 2010 &#8211; Inedito<\/em><\/p>\n","protected":false},"excerpt":{"rendered":"<p>Nelle prime esperienze Antonio Tonelli guarda alle periferie degradate, ai luoghi marginali della miseria culturale. Ma anche ai &#8220;giorni difficili&#8221; e agli &#8220;alberi della libert\u00e0&#8221;, dichiarando il proprio impegno civile e sociale. Ma poi apre uno sguardo sul mondo lasciandosi penetrare da esso: lo abita e lo incontra. Incontra in quel mondo, fantasticando, contro ogni [&hellip;]<\/p>\n","protected":false},"author":1,"featured_media":0,"parent":0,"menu_order":0,"comment_status":"closed","ping_status":"closed","template":"","meta":{"_lmt_disableupdate":"","_lmt_disable":"","ocean_post_layout":"","ocean_both_sidebars_style":"","ocean_both_sidebars_content_width":0,"ocean_both_sidebars_sidebars_width":0,"ocean_sidebar":"0","ocean_second_sidebar":"0","ocean_disable_margins":"enable","ocean_add_body_class":"","ocean_shortcode_before_top_bar":"","ocean_shortcode_after_top_bar":"","ocean_shortcode_before_header":"","ocean_shortcode_after_header":"","ocean_has_shortcode":"","ocean_shortcode_after_title":"","ocean_shortcode_before_footer_widgets":"","ocean_shortcode_after_footer_widgets":"","ocean_shortcode_before_footer_bottom":"","ocean_shortcode_after_footer_bottom":"","ocean_display_top_bar":"default","ocean_display_header":"default","ocean_header_style":"","ocean_center_header_left_menu":"0","ocean_custom_header_template":"0","ocean_custom_logo":0,"ocean_custom_retina_logo":0,"ocean_custom_logo_max_width":0,"ocean_custom_logo_tablet_max_width":0,"ocean_custom_logo_mobile_max_width":0,"ocean_custom_logo_max_height":0,"ocean_custom_logo_tablet_max_height":0,"ocean_custom_logo_mobile_max_height":0,"ocean_header_custom_menu":"0","ocean_menu_typo_font_family":"0","ocean_menu_typo_font_subset":"","ocean_menu_typo_font_size":0,"ocean_menu_typo_font_size_tablet":0,"ocean_menu_typo_font_size_mobile":0,"ocean_menu_typo_font_size_unit":"px","ocean_menu_typo_font_weight":"","ocean_menu_typo_font_weight_tablet":"","ocean_menu_typo_font_weight_mobile":"","ocean_menu_typo_transform":"","ocean_menu_typo_transform_tablet":"","ocean_menu_typo_transform_mobile":"","ocean_menu_typo_line_height":0,"ocean_menu_typo_line_height_tablet":0,"ocean_menu_typo_line_height_mobile":0,"ocean_menu_typo_line_height_unit":"","ocean_menu_typo_spacing":0,"ocean_menu_typo_spacing_tablet":0,"ocean_menu_typo_spacing_mobile":0,"ocean_menu_typo_spacing_unit":"","ocean_menu_link_color":"","ocean_menu_link_color_hover":"","ocean_menu_link_color_active":"","ocean_menu_link_background":"","ocean_menu_link_hover_background":"","ocean_menu_link_active_background":"","ocean_menu_social_links_bg":"","ocean_menu_social_hover_links_bg":"","ocean_menu_social_links_color":"","ocean_menu_social_hover_links_color":"","ocean_disable_title":"default","ocean_disable_heading":"default","ocean_post_title":"","ocean_post_subheading":"","ocean_post_title_style":"","ocean_post_title_background_color":"","ocean_post_title_background":0,"ocean_post_title_bg_image_position":"","ocean_post_title_bg_image_attachment":"","ocean_post_title_bg_image_repeat":"","ocean_post_title_bg_image_size":"","ocean_post_title_height":0,"ocean_post_title_bg_overlay":0.5,"ocean_post_title_bg_overlay_color":"","ocean_disable_breadcrumbs":"default","ocean_breadcrumbs_color":"","ocean_breadcrumbs_separator_color":"","ocean_breadcrumbs_links_color":"","ocean_breadcrumbs_links_hover_color":"","ocean_display_footer_widgets":"default","ocean_display_footer_bottom":"default","ocean_custom_footer_template":"0","footnotes":""},"class_list":["post-1043","page","type-page","status-publish","hentry","entry"],"_links":{"self":[{"href":"https:\/\/antoniotonelli.info\/index.php\/wp-json\/wp\/v2\/pages\/1043","targetHints":{"allow":["GET"]}}],"collection":[{"href":"https:\/\/antoniotonelli.info\/index.php\/wp-json\/wp\/v2\/pages"}],"about":[{"href":"https:\/\/antoniotonelli.info\/index.php\/wp-json\/wp\/v2\/types\/page"}],"author":[{"embeddable":true,"href":"https:\/\/antoniotonelli.info\/index.php\/wp-json\/wp\/v2\/users\/1"}],"replies":[{"embeddable":true,"href":"https:\/\/antoniotonelli.info\/index.php\/wp-json\/wp\/v2\/comments?post=1043"}],"version-history":[{"count":1,"href":"https:\/\/antoniotonelli.info\/index.php\/wp-json\/wp\/v2\/pages\/1043\/revisions"}],"predecessor-version":[{"id":1044,"href":"https:\/\/antoniotonelli.info\/index.php\/wp-json\/wp\/v2\/pages\/1043\/revisions\/1044"}],"wp:attachment":[{"href":"https:\/\/antoniotonelli.info\/index.php\/wp-json\/wp\/v2\/media?parent=1043"}],"curies":[{"name":"wp","href":"https:\/\/api.w.org\/{rel}","templated":true}]}}