{"id":1036,"date":"2023-06-20T07:29:03","date_gmt":"2023-06-20T05:29:03","guid":{"rendered":"https:\/\/antoniotonelli.info\/?page_id=1036"},"modified":"2023-06-20T07:34:21","modified_gmt":"2023-06-20T05:34:21","slug":"antonio-tonelli-presentazione-mostra-personale-alla-galleria-pater-di-milano","status":"publish","type":"page","link":"https:\/\/antoniotonelli.info\/index.php\/antonio-tonelli-presentazione-mostra-personale-alla-galleria-pater-di-milano\/","title":{"rendered":"Antonio Tonelli &#8211; Presentazione mostra personale alla Galleria Pater di Milano"},"content":{"rendered":"\n<p>Se l&#8217;amico Giorgio Kaisserlian fosse ancora tra noi, certamente si compiacerebbe degli esiti conseguiti da Antonio Tonelli e della linea di sviluppo lungo la quale attualmente scorre il suo discorso pittorico. Kaisserlian stimava il giovane artista e credeva nel suo lavoro di ricerca, seguito per pi\u00f9 anni in attesa che i risultati si concretassero in una convinta e chiara visione estetica. Il momento \u00e8 giunto e Tonelli, che non ha avuto fretta nella sua lunga ed appassionata indagine, si fa avanti con le sue franche proposte tese sul filo di una figurazione nuova, impegnata sul piano etico e formale.<\/p>\n\n\n\n<p>La vicenda artistica del pittore milanese trae da una vocazione giovanile che sboccia nel primo incontro con il colore nel &#8217;52.&nbsp; Di qui le prime esperienze sulla scia di un postimpressionismo che non esclude soluzioni di tipo nuovo fattesi via via pi\u00f9 incalzanti fino alla adozione del collage e del riporto fotografico. Era chiaro, tuttavia, sin da quel tempo un senso d&#8217;insoddisfazione \u2013 testimoniato anche dalle rarissime partecipazioni all&#8217;attivit\u00e0 espositiva \u2013 che rallentava il ritmo operativo dell&#8217;artista.<\/p>\n\n\n\n<p>L&#8217;incontro con Kaisserlian fu decisivo ai fini della presa di coscienza di una problematica gi\u00e0 presente ma indistinta ed esitante nella determinazione del mezzo espressivo che meglio corrispondesse alla intuizione. Serio e puntiglioso, Tonelli ha continuato a lavorare approfondendo il suo mondo che fa perno sulla figura intesa come entit\u00e0 emblematica e campo di riflessione in rapporto alla condizione dell&#8217;uomo di oggi.<\/p>\n\n\n\n<p>Sullo sfondo d&#8217;uno spazio che \u00e8 vuoto, vertiginosa dimensione senza confini, le sue immagini sembrano ipotizzare modificazioni morfologiche non impossibili. Ma ci\u00f2 non intacca n\u00e9 muta la sostanza spirituale dell&#8217;essere umano che, sebbene sottoposto alle minacce d&#8217;un ambiente aggressivo, innaturale, non abdica al ruolo che gli \u00e8 proprio.<\/p>\n\n\n\n<p>L&#8217;uomo, in rapporto con l&#8217;infinito, \u00e8 qui considerato nella sua totalit\u00e0. In questa atmosfera rarefatta, in cui tutto \u00e8 ridotto a pochi elementi essenziali, qualsiasi dettaglio disturberebbe la verit\u00e0 della situazione messa a fuoco dall&#8217;artista. Nell&#8217;impatto tra l&#8217;uomo e la realt\u00e0 che lo circonda, Tonelli va al di l\u00e0 di ogni facile psicologismo per raggiungere l&#8217;individuo nella sua intima solitudine, nella sua sofferenza, nella paura e nella curiosit\u00e0 ch&#8217;egli prova di fronte al vuoto cosmico. Il viaggiatore spaziale, che coraggiosamente s&#8217;avventura nei cieli, \u00e8 lo stesso uomo sacrificato, modificato, che lotta sulla terra, in una citt\u00e0 anch&#8217;essa modificata e deformata.<\/p>\n\n\n\n<p>Spesso la figura umana \u00e8 compendiata in una testa, isolata o in gruppo, simbolo dell&#8217;intelligenza soverchiante ogni altro sentimento, che ignora la delicata complessit\u00e0 dell&#8217;uomo. Teste che indicano, per converso, il dramma dell&#8217;isolamento, della degradazione di valori elementari e primordiali. Sembra che l&#8217;artista voglia dubitare che la civilt\u00e0 sia una risultante umana.<\/p>\n\n\n\n<p>Tutto questo Tonelli esprime con una sintassi cromatica decisamente caratterizzata. Pochi toni asciutti ed espressivi che mettono in rilievo forme stringate e ritagliate nello spazio. Le linee, che creano l&#8217;atmosfera ambientale, appaiono qua e l\u00e0 rotte, in spasmodica tensione; gli stessi tagli del quadro, piuttosto insolito, contribuiscono ad aumentare la carica drammatica al modo stesso della materia particolarmente elaborata e tormentata in determinate zone. Tra i temi pi\u00f9 recenti una &#8220;Maternit\u00e0&#8221; dai toni azzurro e rosa insolitamente teneri, che con bimbi disadattati e smarriti, mira a proporre il tema della famiglia su cui incombe la minaccia della disgregazione.<\/p>\n\n\n\n<p>Si delinea cos\u00ec una circolarit\u00e0 speculativa che abbraccia tutto il presente momento storico nei suoi aspetti fondamentali: \u00e8 qualcosa che trascende la denuncia per porsi interrogativamente di fronte al domani dell&#8217;uomo. Linguaggio coraggioso, inventivo, condotto su una struttura bidimensionale a larghe proposizioni cromatiche, che nulla concede alla piacevolezza, al gusto, certo il pi\u00f9 aderente all&#8217;assunto di questo pensoso e sensibile artista proteso verso la piena realizzazione di se stesso.<\/p>\n\n\n\n<p><em>Gino Traversi &#8211; ottobre 1971<\/em><\/p>\n","protected":false},"excerpt":{"rendered":"<p>Se l&#8217;amico Giorgio Kaisserlian fosse ancora tra noi, certamente si compiacerebbe degli esiti conseguiti da Antonio Tonelli e della linea di sviluppo lungo la quale attualmente scorre il suo discorso pittorico. Kaisserlian stimava il giovane artista e credeva nel suo lavoro di ricerca, seguito per pi\u00f9 anni in attesa che i risultati si concretassero in [&hellip;]<\/p>\n","protected":false},"author":1,"featured_media":0,"parent":0,"menu_order":0,"comment_status":"closed","ping_status":"closed","template":"","meta":{"_lmt_disableupdate":"","_lmt_disable":"","ocean_post_layout":"","ocean_both_sidebars_style":"","ocean_both_sidebars_content_width":0,"ocean_both_sidebars_sidebars_width":0,"ocean_sidebar":"0","ocean_second_sidebar":"0","ocean_disable_margins":"enable","ocean_add_body_class":"","ocean_shortcode_before_top_bar":"","ocean_shortcode_after_top_bar":"","ocean_shortcode_before_header":"","ocean_shortcode_after_header":"","ocean_has_shortcode":"","ocean_shortcode_after_title":"","ocean_shortcode_before_footer_widgets":"","ocean_shortcode_after_footer_widgets":"","ocean_shortcode_before_footer_bottom":"","ocean_shortcode_after_footer_bottom":"","ocean_display_top_bar":"default","ocean_display_header":"default","ocean_header_style":"","ocean_center_header_left_menu":"0","ocean_custom_header_template":"0","ocean_custom_logo":0,"ocean_custom_retina_logo":0,"ocean_custom_logo_max_width":0,"ocean_custom_logo_tablet_max_width":0,"ocean_custom_logo_mobile_max_width":0,"ocean_custom_logo_max_height":0,"ocean_custom_logo_tablet_max_height":0,"ocean_custom_logo_mobile_max_height":0,"ocean_header_custom_menu":"0","ocean_menu_typo_font_family":"0","ocean_menu_typo_font_subset":"","ocean_menu_typo_font_size":0,"ocean_menu_typo_font_size_tablet":0,"ocean_menu_typo_font_size_mobile":0,"ocean_menu_typo_font_size_unit":"px","ocean_menu_typo_font_weight":"","ocean_menu_typo_font_weight_tablet":"","ocean_menu_typo_font_weight_mobile":"","ocean_menu_typo_transform":"","ocean_menu_typo_transform_tablet":"","ocean_menu_typo_transform_mobile":"","ocean_menu_typo_line_height":0,"ocean_menu_typo_line_height_tablet":0,"ocean_menu_typo_line_height_mobile":0,"ocean_menu_typo_line_height_unit":"","ocean_menu_typo_spacing":0,"ocean_menu_typo_spacing_tablet":0,"ocean_menu_typo_spacing_mobile":0,"ocean_menu_typo_spacing_unit":"","ocean_menu_link_color":"","ocean_menu_link_color_hover":"","ocean_menu_link_color_active":"","ocean_menu_link_background":"","ocean_menu_link_hover_background":"","ocean_menu_link_active_background":"","ocean_menu_social_links_bg":"","ocean_menu_social_hover_links_bg":"","ocean_menu_social_links_color":"","ocean_menu_social_hover_links_color":"","ocean_disable_title":"default","ocean_disable_heading":"default","ocean_post_title":"","ocean_post_subheading":"","ocean_post_title_style":"","ocean_post_title_background_color":"","ocean_post_title_background":0,"ocean_post_title_bg_image_position":"","ocean_post_title_bg_image_attachment":"","ocean_post_title_bg_image_repeat":"","ocean_post_title_bg_image_size":"","ocean_post_title_height":0,"ocean_post_title_bg_overlay":0.5,"ocean_post_title_bg_overlay_color":"","ocean_disable_breadcrumbs":"default","ocean_breadcrumbs_color":"","ocean_breadcrumbs_separator_color":"","ocean_breadcrumbs_links_color":"","ocean_breadcrumbs_links_hover_color":"","ocean_display_footer_widgets":"default","ocean_display_footer_bottom":"default","ocean_custom_footer_template":"0","footnotes":""},"class_list":["post-1036","page","type-page","status-publish","hentry","entry"],"_links":{"self":[{"href":"https:\/\/antoniotonelli.info\/index.php\/wp-json\/wp\/v2\/pages\/1036","targetHints":{"allow":["GET"]}}],"collection":[{"href":"https:\/\/antoniotonelli.info\/index.php\/wp-json\/wp\/v2\/pages"}],"about":[{"href":"https:\/\/antoniotonelli.info\/index.php\/wp-json\/wp\/v2\/types\/page"}],"author":[{"embeddable":true,"href":"https:\/\/antoniotonelli.info\/index.php\/wp-json\/wp\/v2\/users\/1"}],"replies":[{"embeddable":true,"href":"https:\/\/antoniotonelli.info\/index.php\/wp-json\/wp\/v2\/comments?post=1036"}],"version-history":[{"count":2,"href":"https:\/\/antoniotonelli.info\/index.php\/wp-json\/wp\/v2\/pages\/1036\/revisions"}],"predecessor-version":[{"id":1038,"href":"https:\/\/antoniotonelli.info\/index.php\/wp-json\/wp\/v2\/pages\/1036\/revisions\/1038"}],"wp:attachment":[{"href":"https:\/\/antoniotonelli.info\/index.php\/wp-json\/wp\/v2\/media?parent=1036"}],"curies":[{"name":"wp","href":"https:\/\/api.w.org\/{rel}","templated":true}]}}