{"id":1026,"date":"2023-06-19T17:25:56","date_gmt":"2023-06-19T15:25:56","guid":{"rendered":"https:\/\/antoniotonelli.info\/?page_id=1026"},"modified":"2023-06-19T17:30:22","modified_gmt":"2023-06-19T15:30:22","slug":"i-nostri-giorni-difficili","status":"publish","type":"page","link":"https:\/\/antoniotonelli.info\/index.php\/i-nostri-giorni-difficili\/","title":{"rendered":"I nostri giorni difficili"},"content":{"rendered":"\n<p class=\"has-medium-font-size\">Presentazione della mostra personale alla Galleria Ciovasso, Milano gennaio 1996. Mario De Micheli<\/p>\n\n\n\n<p>C\u2019\u00e8 senz\u2019altro una componente simbolista nelle opere di Antonio Tonelli. Nel corso degli anni, una tale componente \u00e8 andata crescendo, rivelandosi oggi come il dato pi\u00f9 specifico della sua ispirazione. \u00c8 il rapporto uomo-natura ch\u2019egli affronta nelle sue immagini, un rapporto che lo induce alla riflessione e a non dimenticare mai i valori che presiedono alla verit\u00e0 del nostro universo visibile.<\/p>\n\n\n\n<p>Ecco dunque il significato che appare racchiuso nelle sue enunciazioni figurative. Nel loro contesto c\u2019\u00e8 sempre, dunque, il senso di una allegoria, l\u2019apparenza esplicita di un riferimento che attinge forza da un\u2019indiscutibile circostanza terrestre.<\/p>\n\n\n\n<p>Si spiega cos\u00ec il suo modo di procedere e di mettere in evidenza, sia pure per allusioni, le circostanze che diventano perci\u00f2 parte essenziale della sua poetica. Tonelli, in altre parole, non concepisce mai un\u2019immagine in termini di astrazione, bens\u00ec nella concretezza di una specifica realt\u00e0, anche se le sue ragioni sono tuttavia sempre legate all\u2019intuizione di una specifica metafora che rimanda alla relazione o al nesso oggettivo con la \u201cmateria\u201d del suo discorso.<\/p>\n\n\n\n<p>\u00c8 cos\u00ec che si rende persuasiva ai nostri occhi la folta serie delle immagini che, ormai da qualche tempo, Tonelli ci pone davanti. Sono le immagini della scure piantata nel tronco di un albero vivo; l\u2019aquila minacciosa che allarga le ali contro un nemico occulto; il fuoco generato dai rifiuti abbandonati in un bosco; gli uccelli in pericolo tra scorie e immondizie; le sorgenti inquinate da ogni sorta di scarti della nostra civilt\u00e0 tecnologica.<\/p>\n\n\n\n<p>Sono i problemi che affliggono il nostro vecchio pianeta Terra, che stanno a cuore a ognuno di noi e che Tonelli esprime e racconta nei suoi quadri. Noi sentiamo profondamente che siamo fatti della stessa sostanza vivente della realt\u00e0 naturale e al tempo stesso sentiamo che chi \u00e8 nemico dell\u2019emancipazione umana \u00e8 al tempo stesso nemico della nostra riconciliazione con la natura. \u00c8 la vita medesima dell\u2019uomo che oggi pi\u00f9 che mai batte col ritmo, col respiro, col pulsare della natura, che ne \u00e8 inseparabile.<\/p>\n\n\n\n<p>Ma oggi le cose stanno cos\u00ec: nella terra vengono introdotti pi\u00f9 di 500 milioni di tonnellate di fertilizzanti minerali e circa 3 milioni di tonnellate di pesticidi, che si sciolgono nelle acque e vengono assimilati nell\u2019atmosfera; cos\u00ec, ogni anno, 11 milioni di ettari di bosco vengono distrutti da incendi, disboscamenti, piogge acide. Insomma la terra \u00e8 in pericolo e solo una tecnologia conciliata con la natura pu\u00f2 davvero salvarci. Questo \u00e8 dunque il vero problema. Ed \u00e8 appunto di ci\u00f2 che le immagini di Tonelli, nel muto linguaggio dei colori, ci vogliono parlare: e lo fanno con una loro sobriet\u00e0 di accento, per una interiore e controllata esigenza, senza comunque enfasi e declamazioni. Di quadro in quadro, possiamo seguire lo svolgimento che la sua sensibilit\u00e0 sa creare sulla tela, muovendosi ora con similitudini e analogie, e ora, come ho detto, con simboli e allegorie. Tonelli \u00e8 cauto, teme le perorazioni, ma ci\u00f2 che dice va diritto al cuore del suo tema. E questo \u00e8 senz\u2019altro il primo dei meriti che pu\u00f2 garantirgli il pi\u00f9 sicuro dei consensi.<\/p>\n\n\n\n<p><em>Milano, gennaio 1996    Mario De Micheli<\/em><\/p>\n","protected":false},"excerpt":{"rendered":"<p>Presentazione della mostra personale alla Galleria Ciovasso, Milano gennaio 1996. Mario De Micheli C\u2019\u00e8 senz\u2019altro una componente simbolista nelle opere di Antonio Tonelli. Nel corso degli anni, una tale componente \u00e8 andata crescendo, rivelandosi oggi come il dato pi\u00f9 specifico della sua ispirazione. \u00c8 il rapporto uomo-natura ch\u2019egli affronta nelle sue immagini, un rapporto che [&hellip;]<\/p>\n","protected":false},"author":1,"featured_media":0,"parent":0,"menu_order":0,"comment_status":"closed","ping_status":"closed","template":"","meta":{"_lmt_disableupdate":"","_lmt_disable":"","ocean_post_layout":"","ocean_both_sidebars_style":"","ocean_both_sidebars_content_width":0,"ocean_both_sidebars_sidebars_width":0,"ocean_sidebar":"0","ocean_second_sidebar":"0","ocean_disable_margins":"enable","ocean_add_body_class":"","ocean_shortcode_before_top_bar":"","ocean_shortcode_after_top_bar":"","ocean_shortcode_before_header":"","ocean_shortcode_after_header":"","ocean_has_shortcode":"","ocean_shortcode_after_title":"","ocean_shortcode_before_footer_widgets":"","ocean_shortcode_after_footer_widgets":"","ocean_shortcode_before_footer_bottom":"","ocean_shortcode_after_footer_bottom":"","ocean_display_top_bar":"default","ocean_display_header":"default","ocean_header_style":"","ocean_center_header_left_menu":"0","ocean_custom_header_template":"0","ocean_custom_logo":0,"ocean_custom_retina_logo":0,"ocean_custom_logo_max_width":0,"ocean_custom_logo_tablet_max_width":0,"ocean_custom_logo_mobile_max_width":0,"ocean_custom_logo_max_height":0,"ocean_custom_logo_tablet_max_height":0,"ocean_custom_logo_mobile_max_height":0,"ocean_header_custom_menu":"0","ocean_menu_typo_font_family":"0","ocean_menu_typo_font_subset":"","ocean_menu_typo_font_size":0,"ocean_menu_typo_font_size_tablet":0,"ocean_menu_typo_font_size_mobile":0,"ocean_menu_typo_font_size_unit":"px","ocean_menu_typo_font_weight":"","ocean_menu_typo_font_weight_tablet":"","ocean_menu_typo_font_weight_mobile":"","ocean_menu_typo_transform":"","ocean_menu_typo_transform_tablet":"","ocean_menu_typo_transform_mobile":"","ocean_menu_typo_line_height":0,"ocean_menu_typo_line_height_tablet":0,"ocean_menu_typo_line_height_mobile":0,"ocean_menu_typo_line_height_unit":"","ocean_menu_typo_spacing":0,"ocean_menu_typo_spacing_tablet":0,"ocean_menu_typo_spacing_mobile":0,"ocean_menu_typo_spacing_unit":"","ocean_menu_link_color":"","ocean_menu_link_color_hover":"","ocean_menu_link_color_active":"","ocean_menu_link_background":"","ocean_menu_link_hover_background":"","ocean_menu_link_active_background":"","ocean_menu_social_links_bg":"","ocean_menu_social_hover_links_bg":"","ocean_menu_social_links_color":"","ocean_menu_social_hover_links_color":"","ocean_disable_title":"default","ocean_disable_heading":"default","ocean_post_title":"","ocean_post_subheading":"","ocean_post_title_style":"","ocean_post_title_background_color":"","ocean_post_title_background":0,"ocean_post_title_bg_image_position":"","ocean_post_title_bg_image_attachment":"","ocean_post_title_bg_image_repeat":"","ocean_post_title_bg_image_size":"","ocean_post_title_height":0,"ocean_post_title_bg_overlay":0.5,"ocean_post_title_bg_overlay_color":"","ocean_disable_breadcrumbs":"default","ocean_breadcrumbs_color":"","ocean_breadcrumbs_separator_color":"","ocean_breadcrumbs_links_color":"","ocean_breadcrumbs_links_hover_color":"","ocean_display_footer_widgets":"default","ocean_display_footer_bottom":"default","ocean_custom_footer_template":"0","footnotes":""},"class_list":["post-1026","page","type-page","status-publish","hentry","entry"],"_links":{"self":[{"href":"https:\/\/antoniotonelli.info\/index.php\/wp-json\/wp\/v2\/pages\/1026","targetHints":{"allow":["GET"]}}],"collection":[{"href":"https:\/\/antoniotonelli.info\/index.php\/wp-json\/wp\/v2\/pages"}],"about":[{"href":"https:\/\/antoniotonelli.info\/index.php\/wp-json\/wp\/v2\/types\/page"}],"author":[{"embeddable":true,"href":"https:\/\/antoniotonelli.info\/index.php\/wp-json\/wp\/v2\/users\/1"}],"replies":[{"embeddable":true,"href":"https:\/\/antoniotonelli.info\/index.php\/wp-json\/wp\/v2\/comments?post=1026"}],"version-history":[{"count":5,"href":"https:\/\/antoniotonelli.info\/index.php\/wp-json\/wp\/v2\/pages\/1026\/revisions"}],"predecessor-version":[{"id":1032,"href":"https:\/\/antoniotonelli.info\/index.php\/wp-json\/wp\/v2\/pages\/1026\/revisions\/1032"}],"wp:attachment":[{"href":"https:\/\/antoniotonelli.info\/index.php\/wp-json\/wp\/v2\/media?parent=1026"}],"curies":[{"name":"wp","href":"https:\/\/api.w.org\/{rel}","templated":true}]}}